{"id":29522,"date":"2019-09-22T20:16:05","date_gmt":"2019-09-22T20:16:05","guid":{"rendered":"https:\/\/2025.womenmediators.net\/ressources\/"},"modified":"2019-09-30T20:24:01","modified_gmt":"2019-09-30T20:24:01","slug":"publications","status":"publish","type":"page","link":"https:\/\/2025.womenmediators.net\/fr\/publications\/","title":{"rendered":"Publications"},"content":{"rendered":"<p>[et_pb_section bb_built=\u00a0\u00bb1&Prime; fullwidth=\u00a0\u00bboff\u00a0\u00bb specialty=\u00a0\u00bboff\u00a0\u00bb inner_width=\u00a0\u00bbauto\u00a0\u00bb inner_max_width=\u00a0\u00bb1080px\u00a0\u00bb][et_pb_row][et_pb_column type=\u00a0\u00bb4_4&Prime; custom_padding__hover=\u00a0\u00bb|||\u00a0\u00bb custom_padding=\u00a0\u00bb|||\u00a0\u00bb][et_pb_text _builder_version=\u00a0\u00bb3.0.82&Prime; background_layout=\u00a0\u00bblight\u00a0\u00bb border_style=\u00a0\u00bbsolid\u00a0\u00bb box_shadow_position=\u00a0\u00bbouter\u00a0\u00bb text_orientation=\u00a0\u00bbleft\u00a0\u00bb]<\/p>\n<h1>Publications<\/h1>\n<p>[\/et_pb_text][\/et_pb_column][\/et_pb_row][et_pb_row _builder_version=\u00a0\u00bb3.0.82&Prime; custom_padding_tablet=\u00a0\u00bb||0px|\u00a0\u00bb custom_padding_last_edited=\u00a0\u00bbon|phone\u00a0\u00bb box_shadow_position=\u00a0\u00bbouter\u00a0\u00bb width=\u00a0\u00bb80%\u00a0\u00bb max_width=\u00a0\u00bb1080px\u00a0\u00bb][et_pb_column type=\u00a0\u00bb1_3&Prime; custom_padding__hover=\u00a0\u00bb|||\u00a0\u00bb custom_padding=\u00a0\u00bb|||\u00a0\u00bb][et_pb_blurb admin_label=\u00a0\u00bbPDF: Founding Principles and Declaration of Intent of the Mediterranean Women Mediators Network\u00a0\u00bb _builder_version=\u00a0\u00bb3.0.82&Prime; title=\u00a0\u00bbPDF: Principes fondateurs et d\u00e9claration d&rsquo;intention du R\u00e9seau des femmes m\u00e9diatrices de la M\u00e9diterran\u00e9e\u00a0\u00bb url_new_window=\u00a0\u00bbon\u00a0\u00bb use_icon=\u00a0\u00bboff\u00a0\u00bb font_icon=\u00a0\u00bb%%72%%\u00a0\u00bb icon_color=\u00a0\u00bb#292260&Prime; use_circle=\u00a0\u00bboff\u00a0\u00bb use_circle_border=\u00a0\u00bboff\u00a0\u00bb icon_placement=\u00a0\u00bbtop\u00a0\u00bb use_icon_font_size=\u00a0\u00bboff\u00a0\u00bb background_layout=\u00a0\u00bblight\u00a0\u00bb border_style=\u00a0\u00bbsolid\u00a0\u00bb content_max_width=\u00a0\u00bb980px\u00a0\u00bb url=\u00a0\u00bbhttps:\/\/2025.womenmediators.net\/wp-content\/uploads\/2018\/01\/MWMN-Founding-Principles-and-Declaration-of-Intent.pdf\u00a0\u00bb box_shadow_position_image=\u00a0\u00bbouter\u00a0\u00bb box_shadow_position=\u00a0\u00bbouter\u00a0\u00bb text_orientation=\u00a0\u00bbcenter\u00a0\u00bb header_line_height=\u00a0\u00bb1.2em\u00a0\u00bb image=\u00a0\u00bbhttps:\/\/2025.womenmediators.net\/wp-content\/uploads\/2017\/10\/founding-principles-and-declaration-of-intent-of-the-mediterranean-women-mediators-network.jpg\u00a0\u00bb \/][\/et_pb_column][et_pb_column type=\u00a0\u00bb1_3&Prime; custom_padding__hover=\u00a0\u00bb|||\u00a0\u00bb custom_padding=\u00a0\u00bb|||\u00a0\u00bb][et_pb_blurb admin_label=\u00a0\u00bbPDF: Guidance on Gender and Inclusive Mediation Strategies\u00a0\u00bb _builder_version=\u00a0\u00bb3.29.3&Prime; title=\u00a0\u00bbPDF: Directives pour des strat\u00e9gies de m\u00e9diation tenant compte de la probl\u00e9matique hommes\u2011femmes\u00a0\u00bb url_new_window=\u00a0\u00bbon\u00a0\u00bb font_icon=\u00a0\u00bb%%72%%\u00a0\u00bb icon_color=\u00a0\u00bb#292260&Prime; content_max_width=\u00a0\u00bb980px\u00a0\u00bb url=\u00a0\u00bbhttps:\/\/peacemaker.un.org\/sites\/peacemaker.un.org\/files\/DPA_GenderMediation-Guidance_2017%28FR%29.pdf\u00a0\u00bb text_orientation=\u00a0\u00bbcenter\u00a0\u00bb header_line_height=\u00a0\u00bb1.2em\u00a0\u00bb image=\u00a0\u00bbhttps:\/\/2025.womenmediators.net\/wp-content\/uploads\/2019\/09\/gendermediation-guidance-2017-fr.jpg\u00a0\u00bb box_shadow_horizontal_image_tablet=\u00a0\u00bb0px\u00a0\u00bb box_shadow_vertical_image_tablet=\u00a0\u00bb0px\u00a0\u00bb box_shadow_blur_image_tablet=\u00a0\u00bb40px\u00a0\u00bb box_shadow_spread_image_tablet=\u00a0\u00bb0px\u00a0\u00bb text_shadow_horizontal_length=\u00a0\u00bbtext_shadow_style,%91object Object%93&Prime; text_shadow_horizontal_length_tablet=\u00a0\u00bb0px\u00a0\u00bb text_shadow_vertical_length=\u00a0\u00bbtext_shadow_style,%91object Object%93&Prime; text_shadow_vertical_length_tablet=\u00a0\u00bb0px\u00a0\u00bb text_shadow_blur_strength=\u00a0\u00bbtext_shadow_style,%91object Object%93&Prime; text_shadow_blur_strength_tablet=\u00a0\u00bb1px\u00a0\u00bb header_text_shadow_horizontal_length=\u00a0\u00bbheader_text_shadow_style,%91object Object%93&Prime; header_text_shadow_horizontal_length_tablet=\u00a0\u00bb0px\u00a0\u00bb header_text_shadow_vertical_length=\u00a0\u00bbheader_text_shadow_style,%91object Object%93&Prime; header_text_shadow_vertical_length_tablet=\u00a0\u00bb0px\u00a0\u00bb header_text_shadow_blur_strength=\u00a0\u00bbheader_text_shadow_style,%91object Object%93&Prime; header_text_shadow_blur_strength_tablet=\u00a0\u00bb1px\u00a0\u00bb body_text_shadow_horizontal_length=\u00a0\u00bbbody_text_shadow_style,%91object Object%93&Prime; body_text_shadow_horizontal_length_tablet=\u00a0\u00bb0px\u00a0\u00bb body_text_shadow_vertical_length=\u00a0\u00bbbody_text_shadow_style,%91object Object%93&Prime; body_text_shadow_vertical_length_tablet=\u00a0\u00bb0px\u00a0\u00bb body_text_shadow_blur_strength=\u00a0\u00bbbody_text_shadow_style,%91object Object%93&Prime; body_text_shadow_blur_strength_tablet=\u00a0\u00bb1px\u00a0\u00bb body_link_text_shadow_horizontal_length=\u00a0\u00bbbody_link_text_shadow_style,%91object Object%93&Prime; body_link_text_shadow_horizontal_length_tablet=\u00a0\u00bb0px\u00a0\u00bb body_link_text_shadow_vertical_length=\u00a0\u00bbbody_link_text_shadow_style,%91object Object%93&Prime; body_link_text_shadow_vertical_length_tablet=\u00a0\u00bb0px\u00a0\u00bb body_link_text_shadow_blur_strength=\u00a0\u00bbbody_link_text_shadow_style,%91object Object%93&Prime; body_link_text_shadow_blur_strength_tablet=\u00a0\u00bb1px\u00a0\u00bb body_ul_text_shadow_horizontal_length=\u00a0\u00bbbody_ul_text_shadow_style,%91object Object%93&Prime; body_ul_text_shadow_horizontal_length_tablet=\u00a0\u00bb0px\u00a0\u00bb body_ul_text_shadow_vertical_length=\u00a0\u00bbbody_ul_text_shadow_style,%91object Object%93&Prime; body_ul_text_shadow_vertical_length_tablet=\u00a0\u00bb0px\u00a0\u00bb body_ul_text_shadow_blur_strength=\u00a0\u00bbbody_ul_text_shadow_style,%91object Object%93&Prime; body_ul_text_shadow_blur_strength_tablet=\u00a0\u00bb1px\u00a0\u00bb body_ol_text_shadow_horizontal_length=\u00a0\u00bbbody_ol_text_shadow_style,%91object Object%93&Prime; body_ol_text_shadow_horizontal_length_tablet=\u00a0\u00bb0px\u00a0\u00bb body_ol_text_shadow_vertical_length=\u00a0\u00bbbody_ol_text_shadow_style,%91object Object%93&Prime; body_ol_text_shadow_vertical_length_tablet=\u00a0\u00bb0px\u00a0\u00bb body_ol_text_shadow_blur_strength=\u00a0\u00bbbody_ol_text_shadow_style,%91object Object%93&Prime; body_ol_text_shadow_blur_strength_tablet=\u00a0\u00bb1px\u00a0\u00bb body_quote_text_shadow_horizontal_length=\u00a0\u00bbbody_quote_text_shadow_style,%91object Object%93&Prime; body_quote_text_shadow_horizontal_length_tablet=\u00a0\u00bb0px\u00a0\u00bb body_quote_text_shadow_vertical_length=\u00a0\u00bbbody_quote_text_shadow_style,%91object Object%93&Prime; body_quote_text_shadow_vertical_length_tablet=\u00a0\u00bb0px\u00a0\u00bb body_quote_text_shadow_blur_strength=\u00a0\u00bbbody_quote_text_shadow_style,%91object Object%93&Prime; body_quote_text_shadow_blur_strength_tablet=\u00a0\u00bb1px\u00a0\u00bb box_shadow_horizontal_tablet=\u00a0\u00bb0px\u00a0\u00bb box_shadow_vertical_tablet=\u00a0\u00bb0px\u00a0\u00bb box_shadow_blur_tablet=\u00a0\u00bb40px\u00a0\u00bb box_shadow_spread_tablet=\u00a0\u00bb0px\u00a0\u00bb z_index_tablet=\u00a0\u00bb500&Prime; \/][\/et_pb_column][et_pb_column type=\u00a0\u00bb1_3&Prime; custom_padding__hover=\u00a0\u00bb|||\u00a0\u00bb custom_padding=\u00a0\u00bb|||\u00a0\u00bb][et_pb_blurb admin_label=\u00a0\u00bbPDF: The Better Peace Tool \u00a0\u00bb _builder_version=\u00a0\u00bb3.29.3&Prime; title=\u00a0\u00bbPDF: L\u2019Outil Pour mieux parvenir \u00e0 la Paix\u00a0\u00bb url_new_window=\u00a0\u00bbon\u00a0\u00bb font_icon=\u00a0\u00bb%%72%%\u00a0\u00bb icon_color=\u00a0\u00bb#292260&Prime; content_max_width=\u00a0\u00bb980px\u00a0\u00bb url=\u00a0\u00bbhttp:\/\/www.icanpeacework.org\/wp-content\/uploads\/2017\/03\/Better-Peace-Tool-French.pdf\u00a0\u00bb text_orientation=\u00a0\u00bbcenter\u00a0\u00bb header_line_height=\u00a0\u00bb1.2em\u00a0\u00bb image=\u00a0\u00bbhttps:\/\/2025.womenmediators.net\/wp-content\/uploads\/2019\/09\/outil-pour-mieux-parvenir-a-la-paix.jpg\u00a0\u00bb box_shadow_horizontal_image_tablet=\u00a0\u00bb0px\u00a0\u00bb box_shadow_vertical_image_tablet=\u00a0\u00bb0px\u00a0\u00bb box_shadow_blur_image_tablet=\u00a0\u00bb40px\u00a0\u00bb box_shadow_spread_image_tablet=\u00a0\u00bb0px\u00a0\u00bb text_shadow_horizontal_length=\u00a0\u00bbtext_shadow_style,%91object Object%93&Prime; text_shadow_horizontal_length_tablet=\u00a0\u00bb0px\u00a0\u00bb text_shadow_vertical_length=\u00a0\u00bbtext_shadow_style,%91object Object%93&Prime; text_shadow_vertical_length_tablet=\u00a0\u00bb0px\u00a0\u00bb text_shadow_blur_strength=\u00a0\u00bbtext_shadow_style,%91object Object%93&Prime; text_shadow_blur_strength_tablet=\u00a0\u00bb1px\u00a0\u00bb header_text_shadow_horizontal_length=\u00a0\u00bbheader_text_shadow_style,%91object Object%93&Prime; header_text_shadow_horizontal_length_tablet=\u00a0\u00bb0px\u00a0\u00bb header_text_shadow_vertical_length=\u00a0\u00bbheader_text_shadow_style,%91object Object%93&Prime; header_text_shadow_vertical_length_tablet=\u00a0\u00bb0px\u00a0\u00bb header_text_shadow_blur_strength=\u00a0\u00bbheader_text_shadow_style,%91object Object%93&Prime; header_text_shadow_blur_strength_tablet=\u00a0\u00bb1px\u00a0\u00bb body_text_shadow_horizontal_length=\u00a0\u00bbbody_text_shadow_style,%91object Object%93&Prime; body_text_shadow_horizontal_length_tablet=\u00a0\u00bb0px\u00a0\u00bb body_text_shadow_vertical_length=\u00a0\u00bbbody_text_shadow_style,%91object Object%93&Prime; body_text_shadow_vertical_length_tablet=\u00a0\u00bb0px\u00a0\u00bb body_text_shadow_blur_strength=\u00a0\u00bbbody_text_shadow_style,%91object Object%93&Prime; body_text_shadow_blur_strength_tablet=\u00a0\u00bb1px\u00a0\u00bb body_link_text_shadow_horizontal_length=\u00a0\u00bbbody_link_text_shadow_style,%91object Object%93&Prime; body_link_text_shadow_horizontal_length_tablet=\u00a0\u00bb0px\u00a0\u00bb body_link_text_shadow_vertical_length=\u00a0\u00bbbody_link_text_shadow_style,%91object Object%93&Prime; body_link_text_shadow_vertical_length_tablet=\u00a0\u00bb0px\u00a0\u00bb body_link_text_shadow_blur_strength=\u00a0\u00bbbody_link_text_shadow_style,%91object Object%93&Prime; body_link_text_shadow_blur_strength_tablet=\u00a0\u00bb1px\u00a0\u00bb body_ul_text_shadow_horizontal_length=\u00a0\u00bbbody_ul_text_shadow_style,%91object Object%93&Prime; body_ul_text_shadow_horizontal_length_tablet=\u00a0\u00bb0px\u00a0\u00bb body_ul_text_shadow_vertical_length=\u00a0\u00bbbody_ul_text_shadow_style,%91object Object%93&Prime; body_ul_text_shadow_vertical_length_tablet=\u00a0\u00bb0px\u00a0\u00bb body_ul_text_shadow_blur_strength=\u00a0\u00bbbody_ul_text_shadow_style,%91object Object%93&Prime; body_ul_text_shadow_blur_strength_tablet=\u00a0\u00bb1px\u00a0\u00bb body_ol_text_shadow_horizontal_length=\u00a0\u00bbbody_ol_text_shadow_style,%91object Object%93&Prime; body_ol_text_shadow_horizontal_length_tablet=\u00a0\u00bb0px\u00a0\u00bb body_ol_text_shadow_vertical_length=\u00a0\u00bbbody_ol_text_shadow_style,%91object Object%93&Prime; body_ol_text_shadow_vertical_length_tablet=\u00a0\u00bb0px\u00a0\u00bb body_ol_text_shadow_blur_strength=\u00a0\u00bbbody_ol_text_shadow_style,%91object Object%93&Prime; body_ol_text_shadow_blur_strength_tablet=\u00a0\u00bb1px\u00a0\u00bb body_quote_text_shadow_horizontal_length=\u00a0\u00bbbody_quote_text_shadow_style,%91object Object%93&Prime; body_quote_text_shadow_horizontal_length_tablet=\u00a0\u00bb0px\u00a0\u00bb body_quote_text_shadow_vertical_length=\u00a0\u00bbbody_quote_text_shadow_style,%91object Object%93&Prime; body_quote_text_shadow_vertical_length_tablet=\u00a0\u00bb0px\u00a0\u00bb body_quote_text_shadow_blur_strength=\u00a0\u00bbbody_quote_text_shadow_style,%91object Object%93&Prime; body_quote_text_shadow_blur_strength_tablet=\u00a0\u00bb1px\u00a0\u00bb box_shadow_horizontal_tablet=\u00a0\u00bb0px\u00a0\u00bb box_shadow_vertical_tablet=\u00a0\u00bb0px\u00a0\u00bb box_shadow_blur_tablet=\u00a0\u00bb40px\u00a0\u00bb box_shadow_spread_tablet=\u00a0\u00bb0px\u00a0\u00bb z_index_tablet=\u00a0\u00bb500&Prime; \/][\/et_pb_column][\/et_pb_row][et_pb_row _builder_version=\u00a0\u00bb3.0.82&Prime; custom_margin_tablet=\u00a0\u00bb0px||0px|\u00a0\u00bb custom_margin_last_edited=\u00a0\u00bbon|phone\u00a0\u00bb custom_padding_tablet=\u00a0\u00bb0px||0px|\u00a0\u00bb custom_padding_last_edited=\u00a0\u00bbon|phone\u00a0\u00bb box_shadow_position=\u00a0\u00bbouter\u00a0\u00bb width=\u00a0\u00bb80%\u00a0\u00bb max_width=\u00a0\u00bb1080px\u00a0\u00bb][et_pb_column type=\u00a0\u00bb1_3&Prime; custom_padding__hover=\u00a0\u00bb|||\u00a0\u00bb custom_padding=\u00a0\u00bb|||\u00a0\u00bb][et_pb_blurb admin_label=\u00a0\u00bbPDF: Enhancing Gender- Responsive Mediation (A Guidance Note)\u00a0\u00bb _builder_version=\u00a0\u00bb3.0.82&Prime; title=\u00a0\u00bbPDF: Enhancing Gender- Responsive Mediation (A Guidance Note)\u00a0\u00bb url_new_window=\u00a0\u00bbon\u00a0\u00bb use_icon=\u00a0\u00bboff\u00a0\u00bb font_icon=\u00a0\u00bb%%72%%\u00a0\u00bb icon_color=\u00a0\u00bb#292260&Prime; use_circle=\u00a0\u00bboff\u00a0\u00bb use_circle_border=\u00a0\u00bboff\u00a0\u00bb icon_placement=\u00a0\u00bbtop\u00a0\u00bb use_icon_font_size=\u00a0\u00bboff\u00a0\u00bb background_layout=\u00a0\u00bblight\u00a0\u00bb border_style=\u00a0\u00bbsolid\u00a0\u00bb content_max_width=\u00a0\u00bb980px\u00a0\u00bb url=\u00a0\u00bbhttp:\/\/www.osce.org\/gender\/107533?download=true\u00a0\u00bb box_shadow_position_image=\u00a0\u00bbouter\u00a0\u00bb box_shadow_position=\u00a0\u00bbouter\u00a0\u00bb text_orientation=\u00a0\u00bbcenter\u00a0\u00bb header_line_height=\u00a0\u00bb1.2em\u00a0\u00bb image=\u00a0\u00bbhttps:\/\/2025.womenmediators.net\/wp-content\/uploads\/2017\/10\/enhancing-gender-responsive-mediation.jpg\u00a0\u00bb \/][\/et_pb_column][et_pb_column type=\u00a0\u00bb1_3&Prime; custom_padding__hover=\u00a0\u00bb|||\u00a0\u00bb custom_padding=\u00a0\u00bb|||\u00a0\u00bb][\/et_pb_column][et_pb_column type=\u00a0\u00bb1_3&Prime; custom_padding__hover=\u00a0\u00bb|||\u00a0\u00bb custom_padding=\u00a0\u00bb|||\u00a0\u00bb][\/et_pb_column][\/et_pb_row][\/et_pb_section]<\/p>\n","protected":false},"excerpt":{"rendered":"<p>[et_pb_section bb_built=\u00a0\u00bb1&Prime; fullwidth=\u00a0\u00bboff\u00a0\u00bb specialty=\u00a0\u00bboff\u00a0\u00bb inner_width=\u00a0\u00bbauto\u00a0\u00bb inner_max_width=\u00a0\u00bb1080px\u00a0\u00bb][et_pb_row][et_pb_column type=\u00a0\u00bb4_4&Prime; custom_padding__hover=\u00a0\u00bb|||\u00a0\u00bb custom_padding=\u00a0\u00bb|||\u00a0\u00bb][et_pb_text _builder_version=\u00a0\u00bb3.0.82&Prime; background_layout=\u00a0\u00bblight\u00a0\u00bb border_style=\u00a0\u00bbsolid\u00a0\u00bb box_shadow_position=\u00a0\u00bbouter\u00a0\u00bb text_orientation=\u00a0\u00bbleft\u00a0\u00bb] Publications [\/et_pb_text][\/et_pb_column][\/et_pb_row][et_pb_row _builder_version=\u00a0\u00bb3.0.82&Prime; custom_padding_tablet=\u00a0\u00bb||0px|\u00a0\u00bb custom_padding_last_edited=\u00a0\u00bbon|phone\u00a0\u00bb box_shadow_position=\u00a0\u00bbouter\u00a0\u00bb width=\u00a0\u00bb80%\u00a0\u00bb max_width=\u00a0\u00bb1080px\u00a0\u00bb][et_pb_column type=\u00a0\u00bb1_3&Prime; custom_padding__hover=\u00a0\u00bb|||\u00a0\u00bb custom_padding=\u00a0\u00bb|||\u00a0\u00bb][et_pb_blurb admin_label=\u00a0\u00bbPDF: Founding Principles and Declaration of Intent of the Mediterranean Women Mediators Network\u00a0\u00bb _builder_version=\u00a0\u00bb3.0.82&Prime; title=\u00a0\u00bbPDF: Principes fondateurs et d\u00e9claration d&rsquo;intention du R\u00e9seau des femmes m\u00e9diatrices de la M\u00e9diterran\u00e9e\u00a0\u00bb url_new_window=\u00a0\u00bbon\u00a0\u00bb use_icon=\u00a0\u00bboff\u00a0\u00bb [&hellip;]<\/p>\n","protected":false},"author":1,"featured_media":0,"parent":0,"menu_order":0,"comment_status":"closed","ping_status":"closed","template":"","meta":{"_acf_changed":false,"footnotes":""},"class_list":["post-29522","page","type-page","status-publish","hentry"],"acf":[],"_links":{"self":[{"href":"https:\/\/2025.womenmediators.net\/fr\/wp-json\/wp\/v2\/pages\/29522","targetHints":{"allow":["GET"]}}],"collection":[{"href":"https:\/\/2025.womenmediators.net\/fr\/wp-json\/wp\/v2\/pages"}],"about":[{"href":"https:\/\/2025.womenmediators.net\/fr\/wp-json\/wp\/v2\/types\/page"}],"author":[{"embeddable":true,"href":"https:\/\/2025.womenmediators.net\/fr\/wp-json\/wp\/v2\/users\/1"}],"replies":[{"embeddable":true,"href":"https:\/\/2025.womenmediators.net\/fr\/wp-json\/wp\/v2\/comments?post=29522"}],"version-history":[{"count":5,"href":"https:\/\/2025.womenmediators.net\/fr\/wp-json\/wp\/v2\/pages\/29522\/revisions"}],"predecessor-version":[{"id":29651,"href":"https:\/\/2025.womenmediators.net\/fr\/wp-json\/wp\/v2\/pages\/29522\/revisions\/29651"}],"wp:attachment":[{"href":"https:\/\/2025.womenmediators.net\/fr\/wp-json\/wp\/v2\/media?parent=29522"}],"curies":[{"name":"wp","href":"https:\/\/api.w.org\/{rel}","templated":true}]}}