{"id":29524,"date":"2019-09-22T20:20:34","date_gmt":"2019-09-22T20:20:34","guid":{"rendered":"https:\/\/2025.womenmediators.net\/les-partenaires\/"},"modified":"2019-09-30T20:09:10","modified_gmt":"2019-09-30T20:09:10","slug":"nos-partenaires","status":"publish","type":"page","link":"https:\/\/2025.womenmediators.net\/fr\/nos-partenaires\/","title":{"rendered":"Nos partenaires"},"content":{"rendered":"<p>[et_pb_section bb_built=\u00a0\u00bb1&Prime; _builder_version=\u00a0\u00bb3.0.82&Prime; box_shadow_position=\u00a0\u00bbouter\u00a0\u00bb][et_pb_row _builder_version=\u00a0\u00bb3.0.82&Prime; background_size=\u00a0\u00bbinitial\u00a0\u00bb background_position=\u00a0\u00bbtop_left\u00a0\u00bb background_repeat=\u00a0\u00bbrepeat\u00a0\u00bb _i=\u00a0\u00bb0&Prime; _address=\u00a0\u00bb1.0&Prime; custom_padding=\u00a0\u00bb0px|0px||0px\u00a0\u00bb box_shadow_position=\u00a0\u00bbouter\u00a0\u00bb][et_pb_column type=\u00a0\u00bb4_4&Prime;][et_pb_text _builder_version=\u00a0\u00bb3.0.82&Prime; background_layout=\u00a0\u00bblight\u00a0\u00bb border_style=\u00a0\u00bbsolid\u00a0\u00bb box_shadow_position=\u00a0\u00bbouter\u00a0\u00bb]<\/p>\n<p>Les partenaires du minist\u00e8re italien des Affaires \u00e9trang\u00e8res et de la Coop\u00e9ration internationale pour cette initiative sont l\u2019Institut d\u2019Affaires internationales bas\u00e9 \u00e0 Rome (IAI), et l\u2019antenne italienne de Women in International Security (WIIS Italy).<\/p>\n<p>[\/et_pb_text][\/et_pb_column][\/et_pb_row][et_pb_row _builder_version=\u00a0\u00bb3.0.82&Prime; background_size=\u00a0\u00bbinitial\u00a0\u00bb background_position=\u00a0\u00bbtop_left\u00a0\u00bb background_repeat=\u00a0\u00bbrepeat\u00a0\u00bb _i=\u00a0\u00bb1&Prime; _address=\u00a0\u00bb1.1&Prime; box_shadow_position=\u00a0\u00bbouter\u00a0\u00bb][et_pb_column type=\u00a0\u00bb1_4&Prime;][et_pb_blurb admin_label=\u00a0\u00bbItalian Ministry of Foreign A\ufb00airs\u00a0\u00bb _builder_version=\u00a0\u00bb3.0.82&Prime; title=\u00a0\u00bbMinist\u00e8re italien des Affaires \u00e9trang\u00e8res et de la Coop\u00e9ration internationale\u00a0\u00bb url=\u00a0\u00bbhttp:\/\/www.esteri.it\/mae\/en\/\u00a0\u00bb url_new_window=\u00a0\u00bbon\u00a0\u00bb use_icon=\u00a0\u00bboff\u00a0\u00bb image=\u00a0\u00bbhttps:\/\/2025.womenmediators.net\/wp-content\/uploads\/2017\/10\/partner-italian-ministry-of-foreign-a\ufb00airs.jpg\u00a0\u00bb use_circle=\u00a0\u00bboff\u00a0\u00bb use_circle_border=\u00a0\u00bboff\u00a0\u00bb icon_placement=\u00a0\u00bbtop\u00a0\u00bb use_icon_font_size=\u00a0\u00bboff\u00a0\u00bb box_shadow_position_image=\u00a0\u00bbouter\u00a0\u00bb background_layout=\u00a0\u00bblight\u00a0\u00bb border_style=\u00a0\u00bbsolid\u00a0\u00bb box_shadow_position=\u00a0\u00bbouter\u00a0\u00bb custom_css_blurb_image=\u00a0\u00bbborder-color: #5E9AD3;||border-style: solid;||border-width: 1px;||\u00a0\u00bb animation=\u00a0\u00bboff\u00a0\u00bb \/][\/et_pb_column][et_pb_column type=\u00a0\u00bb1_4&Prime;][et_pb_blurb admin_label=\u00a0\u00bbItaly 2017 &#8211; Italy on the un security council \u00a0\u00bb _builder_version=\u00a0\u00bb3.0.82&Prime; title=\u00a0\u00bbItalie 2017 &#8211; L&rsquo;Italie au Conseil de s\u00e9curit\u00e9 des Nations Unies\u00a0\u00bb url_new_window=\u00a0\u00bbon\u00a0\u00bb use_icon=\u00a0\u00bboff\u00a0\u00bb image=\u00a0\u00bbhttps:\/\/2025.womenmediators.net\/wp-content\/uploads\/2017\/10\/partner-italy-2017.jpg\u00a0\u00bb use_circle=\u00a0\u00bboff\u00a0\u00bb use_circle_border=\u00a0\u00bboff\u00a0\u00bb icon_placement=\u00a0\u00bbtop\u00a0\u00bb use_icon_font_size=\u00a0\u00bboff\u00a0\u00bb box_shadow_position_image=\u00a0\u00bbouter\u00a0\u00bb background_layout=\u00a0\u00bblight\u00a0\u00bb border_style=\u00a0\u00bbsolid\u00a0\u00bb box_shadow_position=\u00a0\u00bbouter\u00a0\u00bb custom_css_blurb_image=\u00a0\u00bbborder-color: #5E9AD3;||border-style: solid;||border-width: 1px;||\u00a0\u00bb animation=\u00a0\u00bboff\u00a0\u00bb url=\u00a0\u00bbhttp:\/\/www.esteri.it\/mae\/resource\/doc\/2017\/01\/italyontheunsecuritycouncil-compressed.pdf\u00a0\u00bb \/][\/et_pb_column][et_pb_column type=\u00a0\u00bb1_4&Prime;][et_pb_blurb admin_label=\u00a0\u00bbIAI &#8211; Institute of International A\ufb00airs\u00a0\u00bb _builder_version=\u00a0\u00bb3.0.82&Prime; title=\u00a0\u00bbIAI \u2013 Istituto Affari Internazionali\u00a0\u00bb url=\u00a0\u00bbhttp:\/\/www.iai.it\/en\u00a0\u00bb url_new_window=\u00a0\u00bbon\u00a0\u00bb use_icon=\u00a0\u00bboff\u00a0\u00bb image=\u00a0\u00bbhttps:\/\/2025.womenmediators.net\/wp-content\/uploads\/2017\/10\/partner-iai-institute-of-international-a\ufb00airs.jpg\u00a0\u00bb use_circle=\u00a0\u00bboff\u00a0\u00bb use_circle_border=\u00a0\u00bboff\u00a0\u00bb icon_placement=\u00a0\u00bbtop\u00a0\u00bb use_icon_font_size=\u00a0\u00bboff\u00a0\u00bb box_shadow_position_image=\u00a0\u00bbouter\u00a0\u00bb background_layout=\u00a0\u00bblight\u00a0\u00bb border_style=\u00a0\u00bbsolid\u00a0\u00bb box_shadow_position=\u00a0\u00bbouter\u00a0\u00bb custom_css_blurb_image=\u00a0\u00bbborder-color: #5E9AD3;||border-style: solid;||border-width: 1px;||\u00a0\u00bb animation=\u00a0\u00bboff\u00a0\u00bb \/][\/et_pb_column][et_pb_column type=\u00a0\u00bb1_4&Prime;][et_pb_blurb admin_label=\u00a0\u00bbWIIS Italy\u00a0\u00bb _builder_version=\u00a0\u00bb3.0.82&Prime; title=\u00a0\u00bbWIIS Italy\u00a0\u00bb url=\u00a0\u00bbhttps:\/\/wiisitaly.org\/en\/\u00a0\u00bb url_new_window=\u00a0\u00bbon\u00a0\u00bb use_icon=\u00a0\u00bboff\u00a0\u00bb image=\u00a0\u00bbhttps:\/\/2025.womenmediators.net\/wp-content\/uploads\/2017\/10\/partner-wiis-italy.jpg\u00a0\u00bb use_circle=\u00a0\u00bboff\u00a0\u00bb use_circle_border=\u00a0\u00bboff\u00a0\u00bb icon_placement=\u00a0\u00bbtop\u00a0\u00bb use_icon_font_size=\u00a0\u00bboff\u00a0\u00bb box_shadow_position_image=\u00a0\u00bbouter\u00a0\u00bb background_layout=\u00a0\u00bblight\u00a0\u00bb border_style=\u00a0\u00bbsolid\u00a0\u00bb box_shadow_position=\u00a0\u00bbouter\u00a0\u00bb custom_css_blurb_image=\u00a0\u00bbborder-color: #5E9AD3;||border-style: solid;||border-width: 1px;||\u00a0\u00bb animation=\u00a0\u00bboff\u00a0\u00bb \/][\/et_pb_column][\/et_pb_row][\/et_pb_section]<\/p>\n","protected":false},"excerpt":{"rendered":"<p>[et_pb_section bb_built=\u00a0\u00bb1&Prime; _builder_version=\u00a0\u00bb3.0.82&Prime; box_shadow_position=\u00a0\u00bbouter\u00a0\u00bb][et_pb_row _builder_version=\u00a0\u00bb3.0.82&Prime; background_size=\u00a0\u00bbinitial\u00a0\u00bb background_position=\u00a0\u00bbtop_left\u00a0\u00bb background_repeat=\u00a0\u00bbrepeat\u00a0\u00bb _i=\u00a0\u00bb0&Prime; _address=\u00a0\u00bb1.0&Prime; custom_padding=\u00a0\u00bb0px|0px||0px\u00a0\u00bb box_shadow_position=\u00a0\u00bbouter\u00a0\u00bb][et_pb_column type=\u00a0\u00bb4_4&Prime;][et_pb_text _builder_version=\u00a0\u00bb3.0.82&Prime; background_layout=\u00a0\u00bblight\u00a0\u00bb border_style=\u00a0\u00bbsolid\u00a0\u00bb box_shadow_position=\u00a0\u00bbouter\u00a0\u00bb] Les partenaires du minist\u00e8re italien des Affaires \u00e9trang\u00e8res et de la Coop\u00e9ration internationale pour cette initiative sont l\u2019Institut d\u2019Affaires internationales bas\u00e9 \u00e0 Rome (IAI), et l\u2019antenne italienne de Women in International Security (WIIS Italy). [\/et_pb_text][\/et_pb_column][\/et_pb_row][et_pb_row _builder_version=\u00a0\u00bb3.0.82&Prime; background_size=\u00a0\u00bbinitial\u00a0\u00bb background_position=\u00a0\u00bbtop_left\u00a0\u00bb [&hellip;]<\/p>\n","protected":false},"author":1,"featured_media":0,"parent":0,"menu_order":0,"comment_status":"closed","ping_status":"closed","template":"","meta":{"_acf_changed":false,"footnotes":""},"class_list":["post-29524","page","type-page","status-publish","hentry"],"acf":[],"_links":{"self":[{"href":"https:\/\/2025.womenmediators.net\/fr\/wp-json\/wp\/v2\/pages\/29524","targetHints":{"allow":["GET"]}}],"collection":[{"href":"https:\/\/2025.womenmediators.net\/fr\/wp-json\/wp\/v2\/pages"}],"about":[{"href":"https:\/\/2025.womenmediators.net\/fr\/wp-json\/wp\/v2\/types\/page"}],"author":[{"embeddable":true,"href":"https:\/\/2025.womenmediators.net\/fr\/wp-json\/wp\/v2\/users\/1"}],"replies":[{"embeddable":true,"href":"https:\/\/2025.womenmediators.net\/fr\/wp-json\/wp\/v2\/comments?post=29524"}],"version-history":[{"count":3,"href":"https:\/\/2025.womenmediators.net\/fr\/wp-json\/wp\/v2\/pages\/29524\/revisions"}],"predecessor-version":[{"id":29644,"href":"https:\/\/2025.womenmediators.net\/fr\/wp-json\/wp\/v2\/pages\/29524\/revisions\/29644"}],"wp:attachment":[{"href":"https:\/\/2025.womenmediators.net\/fr\/wp-json\/wp\/v2\/media?parent=29524"}],"curies":[{"name":"wp","href":"https:\/\/api.w.org\/{rel}","templated":true}]}}