{"id":29570,"date":"2019-09-22T22:13:03","date_gmt":"2019-09-22T22:13:03","guid":{"rendered":"https:\/\/2025.womenmediators.net\/mediatrices\/chypre\/"},"modified":"2021-06-29T17:16:11","modified_gmt":"2021-06-29T17:16:11","slug":"chypre","status":"publish","type":"page","link":"https:\/\/2025.womenmediators.net\/fr\/mediatrices\/chypre\/","title":{"rendered":"Chypre"},"content":{"rendered":"<p>[et_pb_section bb_built=\u00a0\u00bb1&Prime; fullwidth=\u00a0\u00bbon\u00a0\u00bb specialty=\u00a0\u00bboff\u00a0\u00bb _builder_version=\u00a0\u00bb3.29.3&Prime; disabled_on=\u00a0\u00bboff|off|off\u00a0\u00bb disabled=\u00a0\u00bboff\u00a0\u00bb next_background_color=\u00a0\u00bb#000000&Prime; box_shadow_horizontal_tablet=\u00a0\u00bb0px\u00a0\u00bb box_shadow_vertical_tablet=\u00a0\u00bb0px\u00a0\u00bb box_shadow_blur_tablet=\u00a0\u00bb40px\u00a0\u00bb box_shadow_spread_tablet=\u00a0\u00bb0px\u00a0\u00bb z_index_tablet=\u00a0\u00bb500&Prime;][et_pb_fullwidth_post_slider _builder_version=\u00a0\u00bb3.29.3&Prime; include_categories=\u00a0\u00bb20&Prime; use_manual_excerpt=\u00a0\u00bboff\u00a0\u00bb show_inner_shadow=\u00a0\u00bbon\u00a0\u00bb use_text_overlay=\u00a0\u00bboff\u00a0\u00bb bg_overlay_color=\u00a0\u00bbrgba(0,88,165,0.81)\u00a0\u00bb excerpt_length=\u00a0\u00bb1&Prime; header_font_size=\u00a0\u00bb40px\u00a0\u00bb header_font_size_tablet=\u00a0\u00bb36&Prime; header_font_size_phone=\u00a0\u00bb26&Prime; header_font_size_last_edited=\u00a0\u00bbon|phone\u00a0\u00bb custom_padding=\u00a0\u00bb5%||5%|\u00a0\u00bb box_shadow_horizontal_image_tablet=\u00a0\u00bb0px\u00a0\u00bb box_shadow_vertical_image_tablet=\u00a0\u00bb0px\u00a0\u00bb box_shadow_blur_image_tablet=\u00a0\u00bb40px\u00a0\u00bb box_shadow_spread_image_tablet=\u00a0\u00bb0px\u00a0\u00bb text_shadow_horizontal_length=\u00a0\u00bbtext_shadow_style,%91object Object%93&Prime; text_shadow_horizontal_length_tablet=\u00a0\u00bb0px\u00a0\u00bb text_shadow_vertical_length=\u00a0\u00bbtext_shadow_style,%91object Object%93&Prime; text_shadow_vertical_length_tablet=\u00a0\u00bb0px\u00a0\u00bb text_shadow_blur_strength=\u00a0\u00bbtext_shadow_style,%91object Object%93&Prime; text_shadow_blur_strength_tablet=\u00a0\u00bb1px\u00a0\u00bb header_text_shadow_horizontal_length=\u00a0\u00bbheader_text_shadow_style,%91object Object%93&Prime; header_text_shadow_horizontal_length_tablet=\u00a0\u00bb0px\u00a0\u00bb header_text_shadow_vertical_length=\u00a0\u00bbheader_text_shadow_style,%91object Object%93&Prime; header_text_shadow_vertical_length_tablet=\u00a0\u00bb0px\u00a0\u00bb header_text_shadow_blur_strength=\u00a0\u00bbheader_text_shadow_style,%91object Object%93&Prime; header_text_shadow_blur_strength_tablet=\u00a0\u00bb1px\u00a0\u00bb body_text_shadow_horizontal_length=\u00a0\u00bbbody_text_shadow_style,%91object Object%93&Prime; body_text_shadow_horizontal_length_tablet=\u00a0\u00bb0px\u00a0\u00bb body_text_shadow_vertical_length=\u00a0\u00bbbody_text_shadow_style,%91object Object%93&Prime; body_text_shadow_vertical_length_tablet=\u00a0\u00bb0px\u00a0\u00bb body_text_shadow_blur_strength=\u00a0\u00bbbody_text_shadow_style,%91object Object%93&Prime; body_text_shadow_blur_strength_tablet=\u00a0\u00bb1px\u00a0\u00bb body_link_text_shadow_horizontal_length=\u00a0\u00bbbody_link_text_shadow_style,%91object Object%93&Prime; body_link_text_shadow_horizontal_length_tablet=\u00a0\u00bb0px\u00a0\u00bb body_link_text_shadow_vertical_length=\u00a0\u00bbbody_link_text_shadow_style,%91object Object%93&Prime; body_link_text_shadow_vertical_length_tablet=\u00a0\u00bb0px\u00a0\u00bb body_link_text_shadow_blur_strength=\u00a0\u00bbbody_link_text_shadow_style,%91object Object%93&Prime; body_link_text_shadow_blur_strength_tablet=\u00a0\u00bb1px\u00a0\u00bb body_ul_text_shadow_horizontal_length=\u00a0\u00bbbody_ul_text_shadow_style,%91object Object%93&Prime; body_ul_text_shadow_horizontal_length_tablet=\u00a0\u00bb0px\u00a0\u00bb body_ul_text_shadow_vertical_length=\u00a0\u00bbbody_ul_text_shadow_style,%91object Object%93&Prime; body_ul_text_shadow_vertical_length_tablet=\u00a0\u00bb0px\u00a0\u00bb body_ul_text_shadow_blur_strength=\u00a0\u00bbbody_ul_text_shadow_style,%91object Object%93&Prime; body_ul_text_shadow_blur_strength_tablet=\u00a0\u00bb1px\u00a0\u00bb body_ol_text_shadow_horizontal_length=\u00a0\u00bbbody_ol_text_shadow_style,%91object Object%93&Prime; body_ol_text_shadow_horizontal_length_tablet=\u00a0\u00bb0px\u00a0\u00bb body_ol_text_shadow_vertical_length=\u00a0\u00bbbody_ol_text_shadow_style,%91object Object%93&Prime; body_ol_text_shadow_vertical_length_tablet=\u00a0\u00bb0px\u00a0\u00bb body_ol_text_shadow_blur_strength=\u00a0\u00bbbody_ol_text_shadow_style,%91object Object%93&Prime; body_ol_text_shadow_blur_strength_tablet=\u00a0\u00bb1px\u00a0\u00bb body_quote_text_shadow_horizontal_length=\u00a0\u00bbbody_quote_text_shadow_style,%91object Object%93&Prime; body_quote_text_shadow_horizontal_length_tablet=\u00a0\u00bb0px\u00a0\u00bb body_quote_text_shadow_vertical_length=\u00a0\u00bbbody_quote_text_shadow_style,%91object Object%93&Prime; body_quote_text_shadow_vertical_length_tablet=\u00a0\u00bb0px\u00a0\u00bb body_quote_text_shadow_blur_strength=\u00a0\u00bbbody_quote_text_shadow_style,%91object Object%93&Prime; body_quote_text_shadow_blur_strength_tablet=\u00a0\u00bb1px\u00a0\u00bb meta_text_shadow_horizontal_length=\u00a0\u00bbmeta_text_shadow_style,%91object Object%93&Prime; meta_text_shadow_horizontal_length_tablet=\u00a0\u00bb0px\u00a0\u00bb meta_text_shadow_vertical_length=\u00a0\u00bbmeta_text_shadow_style,%91object Object%93&Prime; meta_text_shadow_vertical_length_tablet=\u00a0\u00bb0px\u00a0\u00bb meta_text_shadow_blur_strength=\u00a0\u00bbmeta_text_shadow_style,%91object Object%93&Prime; meta_text_shadow_blur_strength_tablet=\u00a0\u00bb1px\u00a0\u00bb button_text_shadow_horizontal_length=\u00a0\u00bbbutton_text_shadow_style,%91object Object%93&Prime; button_text_shadow_horizontal_length_tablet=\u00a0\u00bb0px\u00a0\u00bb button_text_shadow_vertical_length=\u00a0\u00bbbutton_text_shadow_style,%91object Object%93&Prime; button_text_shadow_vertical_length_tablet=\u00a0\u00bb0px\u00a0\u00bb button_text_shadow_blur_strength=\u00a0\u00bbbutton_text_shadow_style,%91object Object%93&Prime; button_text_shadow_blur_strength_tablet=\u00a0\u00bb1px\u00a0\u00bb box_shadow_horizontal_button_tablet=\u00a0\u00bb0px\u00a0\u00bb box_shadow_vertical_button_tablet=\u00a0\u00bb0px\u00a0\u00bb box_shadow_blur_button_tablet=\u00a0\u00bb40px\u00a0\u00bb box_shadow_spread_button_tablet=\u00a0\u00bb0px\u00a0\u00bb box_shadow_horizontal_tablet=\u00a0\u00bb0px\u00a0\u00bb box_shadow_vertical_tablet=\u00a0\u00bb0px\u00a0\u00bb box_shadow_blur_tablet=\u00a0\u00bb40px\u00a0\u00bb box_shadow_spread_tablet=\u00a0\u00bb0px\u00a0\u00bb disabled=\u00a0\u00bboff\u00a0\u00bb disabled_on=\u00a0\u00bboff|off|off\u00a0\u00bb z_index_tablet=\u00a0\u00bb500&Prime; \/][\/et_pb_section][et_pb_section bb_built=\u00a0\u00bb1&Prime; _builder_version=\u00a0\u00bb3.0.82&Prime; box_shadow_position=\u00a0\u00bbouter\u00a0\u00bb prev_background_color=\u00a0\u00bb#000000&Prime; inner_width=\u00a0\u00bbauto\u00a0\u00bb inner_max_width=\u00a0\u00bb1080px\u00a0\u00bb][et_pb_row _builder_version=\u00a0\u00bb3.0.47&Prime; background_size=\u00a0\u00bbinitial\u00a0\u00bb background_position=\u00a0\u00bbtop_left\u00a0\u00bb background_repeat=\u00a0\u00bbrepeat\u00a0\u00bb _i=\u00a0\u00bb0&Prime; _address=\u00a0\u00bb0.0&Prime; width=\u00a0\u00bb80%\u00a0\u00bb max_width=\u00a0\u00bb1080px\u00a0\u00bb][et_pb_column type=\u00a0\u00bb4_4&Prime; custom_padding__hover=\u00a0\u00bb|||\u00a0\u00bb custom_padding=\u00a0\u00bb|||\u00a0\u00bb][et_pb_text admin_label=\u00a0\u00bbNation\u00a0\u00bb _builder_version=\u00a0\u00bb3.0.82&Prime; background_layout=\u00a0\u00bblight\u00a0\u00bb border_style=\u00a0\u00bbsolid\u00a0\u00bb box_shadow_position=\u00a0\u00bbouter\u00a0\u00bb locked=\u00a0\u00bbon\u00a0\u00bb text_orientation=\u00a0\u00bbleft\u00a0\u00bb]<\/p>\n<h1>[page_title]<\/h1>\n<p>[\/et_pb_text][\/et_pb_column][\/et_pb_row][et_pb_row][et_pb_column type=\u00a0\u00bb4_4&Prime; custom_padding__hover=\u00a0\u00bb|||\u00a0\u00bb custom_padding=\u00a0\u00bb|||\u00a0\u00bb][et_pb_text admin_label=\u00a0\u00bbMediators Title\u00a0\u00bb _builder_version=\u00a0\u00bb3.0.82&Prime; background_layout=\u00a0\u00bblight\u00a0\u00bb border_style=\u00a0\u00bbsolid\u00a0\u00bb box_shadow_position=\u00a0\u00bbouter\u00a0\u00bb locked=\u00a0\u00bbon\u00a0\u00bb text_orientation=\u00a0\u00bbleft\u00a0\u00bb]<\/p>\n<h2>M\u00e9diatrices de [page_title]<\/h2>\n<p>[\/et_pb_text][et_pb_text _builder_version=\u00a0\u00bb3.29.3&Prime; text_text_shadow_horizontal_length=\u00a0\u00bbtext_text_shadow_style,%91object Object%93&Prime; text_text_shadow_horizontal_length_tablet=\u00a0\u00bb0px\u00a0\u00bb text_text_shadow_vertical_length=\u00a0\u00bbtext_text_shadow_style,%91object Object%93&Prime; text_text_shadow_vertical_length_tablet=\u00a0\u00bb0px\u00a0\u00bb text_text_shadow_blur_strength=\u00a0\u00bbtext_text_shadow_style,%91object Object%93&Prime; text_text_shadow_blur_strength_tablet=\u00a0\u00bb1px\u00a0\u00bb link_text_shadow_horizontal_length=\u00a0\u00bblink_text_shadow_style,%91object Object%93&Prime; link_text_shadow_horizontal_length_tablet=\u00a0\u00bb0px\u00a0\u00bb link_text_shadow_vertical_length=\u00a0\u00bblink_text_shadow_style,%91object Object%93&Prime; link_text_shadow_vertical_length_tablet=\u00a0\u00bb0px\u00a0\u00bb link_text_shadow_blur_strength=\u00a0\u00bblink_text_shadow_style,%91object Object%93&Prime; link_text_shadow_blur_strength_tablet=\u00a0\u00bb1px\u00a0\u00bb ul_text_shadow_horizontal_length=\u00a0\u00bbul_text_shadow_style,%91object Object%93&Prime; ul_text_shadow_horizontal_length_tablet=\u00a0\u00bb0px\u00a0\u00bb ul_text_shadow_vertical_length=\u00a0\u00bbul_text_shadow_style,%91object Object%93&Prime; ul_text_shadow_vertical_length_tablet=\u00a0\u00bb0px\u00a0\u00bb ul_text_shadow_blur_strength=\u00a0\u00bbul_text_shadow_style,%91object Object%93&Prime; ul_text_shadow_blur_strength_tablet=\u00a0\u00bb1px\u00a0\u00bb ol_text_shadow_horizontal_length=\u00a0\u00bbol_text_shadow_style,%91object Object%93&Prime; ol_text_shadow_horizontal_length_tablet=\u00a0\u00bb0px\u00a0\u00bb ol_text_shadow_vertical_length=\u00a0\u00bbol_text_shadow_style,%91object Object%93&Prime; ol_text_shadow_vertical_length_tablet=\u00a0\u00bb0px\u00a0\u00bb ol_text_shadow_blur_strength=\u00a0\u00bbol_text_shadow_style,%91object Object%93&Prime; ol_text_shadow_blur_strength_tablet=\u00a0\u00bb1px\u00a0\u00bb quote_text_shadow_horizontal_length=\u00a0\u00bbquote_text_shadow_style,%91object Object%93&Prime; quote_text_shadow_horizontal_length_tablet=\u00a0\u00bb0px\u00a0\u00bb quote_text_shadow_vertical_length=\u00a0\u00bbquote_text_shadow_style,%91object Object%93&Prime; quote_text_shadow_vertical_length_tablet=\u00a0\u00bb0px\u00a0\u00bb quote_text_shadow_blur_strength=\u00a0\u00bbquote_text_shadow_style,%91object Object%93&Prime; quote_text_shadow_blur_strength_tablet=\u00a0\u00bb1px\u00a0\u00bb header_text_shadow_horizontal_length=\u00a0\u00bbheader_text_shadow_style,%91object Object%93&Prime; header_text_shadow_horizontal_length_tablet=\u00a0\u00bb0px\u00a0\u00bb header_text_shadow_vertical_length=\u00a0\u00bbheader_text_shadow_style,%91object Object%93&Prime; header_text_shadow_vertical_length_tablet=\u00a0\u00bb0px\u00a0\u00bb header_text_shadow_blur_strength=\u00a0\u00bbheader_text_shadow_style,%91object Object%93&Prime; header_text_shadow_blur_strength_tablet=\u00a0\u00bb1px\u00a0\u00bb header_2_text_shadow_horizontal_length=\u00a0\u00bbheader_2_text_shadow_style,%91object Object%93&Prime; header_2_text_shadow_horizontal_length_tablet=\u00a0\u00bb0px\u00a0\u00bb header_2_text_shadow_vertical_length=\u00a0\u00bbheader_2_text_shadow_style,%91object Object%93&Prime; header_2_text_shadow_vertical_length_tablet=\u00a0\u00bb0px\u00a0\u00bb header_2_text_shadow_blur_strength=\u00a0\u00bbheader_2_text_shadow_style,%91object Object%93&Prime; header_2_text_shadow_blur_strength_tablet=\u00a0\u00bb1px\u00a0\u00bb header_3_text_shadow_horizontal_length=\u00a0\u00bbheader_3_text_shadow_style,%91object Object%93&Prime; header_3_text_shadow_horizontal_length_tablet=\u00a0\u00bb0px\u00a0\u00bb header_3_text_shadow_vertical_length=\u00a0\u00bbheader_3_text_shadow_style,%91object Object%93&Prime; header_3_text_shadow_vertical_length_tablet=\u00a0\u00bb0px\u00a0\u00bb header_3_text_shadow_blur_strength=\u00a0\u00bbheader_3_text_shadow_style,%91object Object%93&Prime; header_3_text_shadow_blur_strength_tablet=\u00a0\u00bb1px\u00a0\u00bb header_4_text_shadow_horizontal_length=\u00a0\u00bbheader_4_text_shadow_style,%91object Object%93&Prime; header_4_text_shadow_horizontal_length_tablet=\u00a0\u00bb0px\u00a0\u00bb header_4_text_shadow_vertical_length=\u00a0\u00bbheader_4_text_shadow_style,%91object Object%93&Prime; header_4_text_shadow_vertical_length_tablet=\u00a0\u00bb0px\u00a0\u00bb header_4_text_shadow_blur_strength=\u00a0\u00bbheader_4_text_shadow_style,%91object Object%93&Prime; header_4_text_shadow_blur_strength_tablet=\u00a0\u00bb1px\u00a0\u00bb header_5_text_shadow_horizontal_length=\u00a0\u00bbheader_5_text_shadow_style,%91object Object%93&Prime; header_5_text_shadow_horizontal_length_tablet=\u00a0\u00bb0px\u00a0\u00bb header_5_text_shadow_vertical_length=\u00a0\u00bbheader_5_text_shadow_style,%91object Object%93&Prime; header_5_text_shadow_vertical_length_tablet=\u00a0\u00bb0px\u00a0\u00bb header_5_text_shadow_blur_strength=\u00a0\u00bbheader_5_text_shadow_style,%91object Object%93&Prime; header_5_text_shadow_blur_strength_tablet=\u00a0\u00bb1px\u00a0\u00bb header_6_text_shadow_horizontal_length=\u00a0\u00bbheader_6_text_shadow_style,%91object Object%93&Prime; header_6_text_shadow_horizontal_length_tablet=\u00a0\u00bb0px\u00a0\u00bb header_6_text_shadow_vertical_length=\u00a0\u00bbheader_6_text_shadow_style,%91object Object%93&Prime; header_6_text_shadow_vertical_length_tablet=\u00a0\u00bb0px\u00a0\u00bb header_6_text_shadow_blur_strength=\u00a0\u00bbheader_6_text_shadow_style,%91object Object%93&Prime; header_6_text_shadow_blur_strength_tablet=\u00a0\u00bb1px\u00a0\u00bb box_shadow_horizontal_tablet=\u00a0\u00bb0px\u00a0\u00bb box_shadow_vertical_tablet=\u00a0\u00bb0px\u00a0\u00bb box_shadow_blur_tablet=\u00a0\u00bb40px\u00a0\u00bb box_shadow_spread_tablet=\u00a0\u00bb0px\u00a0\u00bb z_index_tablet=\u00a0\u00bb500&Prime;]<\/p>\n\t<div class=\"ex-tplist  column-3 style-1 style-classic fct-\" id =\"extp-3935\">\r\n\t\t                        <div class=\"ctgrid\">\r\n\t\t<div class=\"item-grid\" data-id=\"ex_id-extp-3935-31759\"> \t\t\t\t\t<div class=\"exp-arrow \" \r\n\t\t\t\t\t >\r\n\t\t\t\t\t\t\t\t\t\t\t\t<figure class=\"tpstyle-1 tppost-31759\">\r\n  <div class=\"tpstyle-1-image\">\r\n    <a href=\"https:\/\/2025.womenmediators.net\/fr\/member\/kalliope-agapiou-josephides\/\">\r\n      <div class=\"image-bg-circle\" style=\"background-image: url(https:\/\/2025.womenmediators.net\/wp-content\/uploads\/2021\/06\/kalliope-agapiou.jpg)\">\r\n              <\/div>\r\n\r\n    <\/a>\r\n  <\/div><figcaption>\r\n    <h3><a href=\"https:\/\/2025.womenmediators.net\/fr\/member\/kalliope-agapiou-josephides\/\">Kalliope Agapiou Josephides<\/a><\/h3>\r\n            \t<p>Kalliope Agapiou Josephides est titulaire de la Chaire Jean Monnet...<\/p>\r\n\t      <\/figcaption>\r\n  <\/figure>\t\t\t\t\t<div class=\"exclearfix\"><\/div>\r\n\t\t\t\t\t<\/div>\r\n\t\t\t\t\t<\/div><div class=\"item-grid\" data-id=\"ex_id-extp-3935-31763\"> \t\t\t\t\t<div class=\"exp-arrow \" \r\n\t\t\t\t\t >\r\n\t\t\t\t\t\t\t\t\t\t\t\t<figure class=\"tpstyle-1 tppost-31763\">\r\n  <div class=\"tpstyle-1-image\">\r\n    <a href=\"https:\/\/2025.womenmediators.net\/fr\/member\/emine-colak\/\">\r\n      <div class=\"image-bg-circle\" style=\"background-image: url(https:\/\/2025.womenmediators.net\/wp-content\/uploads\/2021\/06\/emine-colak.jpg)\">\r\n              <\/div>\r\n\r\n    <\/a>\r\n  <\/div><figcaption>\r\n    <h3><a href=\"https:\/\/2025.womenmediators.net\/fr\/member\/emine-colak\/\">Emine \u00c7olak<\/a><\/h3>\r\n            \t<p>Emine \u00c7olak is a Turkish Cypriot lawyer\/barrister practicing in Nicosia...<\/p>\r\n\t      <\/figcaption>\r\n  <\/figure>\t\t\t\t\t<div class=\"exclearfix\"><\/div>\r\n\t\t\t\t\t<\/div>\r\n\t\t\t\t\t<\/div><div class=\"item-grid\" data-id=\"ex_id-extp-3935-31765\"> \t\t\t\t\t<div class=\"exp-arrow \" \r\n\t\t\t\t\t >\r\n\t\t\t\t\t\t\t\t\t\t\t\t<figure class=\"tpstyle-1 tppost-31765\">\r\n  <div class=\"tpstyle-1-image\">\r\n    <a href=\"https:\/\/2025.womenmediators.net\/fr\/member\/maria-hadjipavlou\/\">\r\n      <div class=\"image-bg-circle\" style=\"background-image: url(https:\/\/2025.womenmediators.net\/wp-content\/uploads\/2021\/06\/maria-hadjipavlou.jpg)\">\r\n              <\/div>\r\n\r\n    <\/a>\r\n  <\/div><figcaption>\r\n    <h3><a href=\"https:\/\/2025.womenmediators.net\/fr\/member\/maria-hadjipavlou\/\">Maria Hadjipavlou<\/a><\/h3>\r\n            \t<p>Maria Hadjipavlou, est professeur associ\u00e9 \u00e0 la retraite\u00a0\u00a0 \u00e0\u00a0\u00a0 l\u2019Universit\u00e9\u00a0\u00a0...<\/p>\r\n\t      <\/figcaption>\r\n  <\/figure>\t\t\t\t\t<div class=\"exclearfix\"><\/div>\r\n\t\t\t\t\t<\/div>\r\n\t\t\t\t\t<\/div><div class=\"item-grid\" data-id=\"ex_id-extp-3935-31771\"> \t\t\t\t\t<div class=\"exp-arrow \" \r\n\t\t\t\t\t >\r\n\t\t\t\t\t\t\t\t\t\t\t\t<figure class=\"tpstyle-1 tppost-31771\">\r\n  <div class=\"tpstyle-1-image\">\r\n    <a href=\"https:\/\/2025.womenmediators.net\/fr\/member\/ozge-ozogul\/\">\r\n      <div class=\"image-bg-circle\" style=\"background-image: url(https:\/\/2025.womenmediators.net\/wp-content\/uploads\/2021\/06\/ozge-ozogul.jpg)\">\r\n              <\/div>\r\n\r\n    <\/a>\r\n  <\/div><figcaption>\r\n    <h3><a href=\"https:\/\/2025.womenmediators.net\/fr\/member\/ozge-ozogul\/\">\u00d6zge \u00d6zo\u011ful<\/a><\/h3>\r\n            \t<p>\u00d6zge \u00d6zo\u011ful est la responsable des op\u00e9rations de l\u2019Association pour...<\/p>\r\n\t      <\/figcaption>\r\n  <\/figure>\t\t\t\t\t<div class=\"exclearfix\"><\/div>\r\n\t\t\t\t\t<\/div>\r\n\t\t\t\t\t<\/div><div class=\"item-grid\" data-id=\"ex_id-extp-3935-31775\"> \t\t\t\t\t<div class=\"exp-arrow \" \r\n\t\t\t\t\t >\r\n\t\t\t\t\t\t\t\t\t\t\t\t<figure class=\"tpstyle-1 tppost-31775\">\r\n  <div class=\"tpstyle-1-image\">\r\n    <a href=\"https:\/\/2025.womenmediators.net\/fr\/member\/sophia-papastavrou\/\">\r\n      <div class=\"image-bg-circle\" style=\"background-image: url(https:\/\/2025.womenmediators.net\/wp-content\/uploads\/2021\/06\/sophia-papastavrou.jpg)\">\r\n              <\/div>\r\n\r\n    <\/a>\r\n  <\/div><figcaption>\r\n    <h3><a href=\"https:\/\/2025.womenmediators.net\/fr\/member\/sophia-papastavrou\/\">Sophia Papastavrou<\/a><\/h3>\r\n            \t<p>Sophia Papastavrou est une citoyenne du Canada et de Chypre....<\/p>\r\n\t      <\/figcaption>\r\n  <\/figure>\t\t\t\t\t<div class=\"exclearfix\"><\/div>\r\n\t\t\t\t\t<\/div>\r\n\t\t\t\t\t<\/div><div class=\"item-grid\" data-id=\"ex_id-extp-3935-31779\"> \t\t\t\t\t<div class=\"exp-arrow \" \r\n\t\t\t\t\t >\r\n\t\t\t\t\t\t\t\t\t\t\t\t<figure class=\"tpstyle-1 tppost-31779\">\r\n  <div class=\"tpstyle-1-image\">\r\n    <a href=\"https:\/\/2025.womenmediators.net\/fr\/member\/layik-topcan-mesutoglu\/\">\r\n      <div class=\"image-bg-circle\" style=\"background-image: url(https:\/\/2025.womenmediators.net\/wp-content\/uploads\/2021\/06\/layik-topcan.jpg)\">\r\n              <\/div>\r\n\r\n    <\/a>\r\n  <\/div><figcaption>\r\n    <h3><a href=\"https:\/\/2025.womenmediators.net\/fr\/member\/layik-topcan-mesutoglu\/\">Lay\u0131k Topcan Mesuto\u011flu<\/a><\/h3>\r\n            \t<p>Lay\u0131k Topcan Mesuto\u011flu est une urbaniste comptant plus de 40...<\/p>\r\n\t      <\/figcaption>\r\n  <\/figure>\t\t\t\t\t<div class=\"exclearfix\"><\/div>\r\n\t\t\t\t\t<\/div>\r\n\t\t\t\t\t<\/div><div class=\"item-grid\" data-id=\"ex_id-extp-3935-31783\"> \t\t\t\t\t<div class=\"exp-arrow \" \r\n\t\t\t\t\t >\r\n\t\t\t\t\t\t\t\t\t\t\t\t<figure class=\"tpstyle-1 tppost-31783\">\r\n  <div class=\"tpstyle-1-image\">\r\n    <a href=\"https:\/\/2025.womenmediators.net\/fr\/member\/magda-zenon\/\">\r\n      <div class=\"image-bg-circle\" style=\"background-image: url(https:\/\/2025.womenmediators.net\/wp-content\/uploads\/2021\/06\/magda-zenon.jpg)\">\r\n              <\/div>\r\n\r\n    <\/a>\r\n  <\/div><figcaption>\r\n    <h3><a href=\"https:\/\/2025.womenmediators.net\/fr\/member\/magda-zenon\/\">Magda Zenon<\/a><\/h3>\r\n            \t<p>Magda Zenon est une militante pour la paix et les...<\/p>\r\n\t      <\/figcaption>\r\n  <\/figure>\t\t\t\t\t<div class=\"exclearfix\"><\/div>\r\n\t\t\t\t\t<\/div>\r\n\t\t\t\t\t<\/div>\t\t<\/div>\r\n\t\t        \r\n\t\t\r\n\t\t\t<div class=\"ex-loadmore\">\r\n\t\t\t\t<input type=\"hidden\"  name=\"id_grid\" value=\"extp-3935\">\r\n\t\t\t\t<input type=\"hidden\"  name=\"num_page\" value=\"1\">\r\n\t\t\t\t<input type=\"hidden\"  name=\"num_page_uu\" value=\"1\">\r\n\t\t\t\t<input type=\"hidden\"  name=\"current_page\" value=\"1\">\r\n\t\t\t\t<input type=\"hidden\"  name=\"ajax_url\" value=\"https:\/\/2025.womenmediators.net\/wp-admin\/admin-ajax.php\">\r\n\t\t\t\t<input type=\"hidden\"  name=\"param_query\" value=\"{&quot;post_type&quot;:[&quot;ex_team&quot;],&quot;posts_per_page&quot;:&quot;30&quot;,&quot;post_status&quot;:[&quot;publish&quot;],&quot;tag&quot;:&quot;&quot;,&quot;order&quot;:&quot;ASC&quot;,&quot;orderby&quot;:&quot;date&quot;,&quot;meta_key&quot;:&quot;&quot;,&quot;ignore_sticky_posts&quot;:1,&quot;tax_query&quot;:[{&quot;taxonomy&quot;:&quot;extp_loc&quot;,&quot;field&quot;:&quot;slug&quot;,&quot;terms&quot;:[&quot;cyprus&quot;]}]}\">\r\n\t\t\t\t<input type=\"hidden\"  name=\"param_ids\" value=\"[31759,31763,31765,31771,31775,31779,31783]\">\r\n\t\t\t\t<input type=\"hidden\" id=\"param_shortcode\" name=\"param_shortcode\" value=\"{&quot;style&quot;:&quot;1&quot;,&quot;column&quot;:&quot;3&quot;,&quot;count&quot;:&quot;30&quot;,&quot;posts_per_page&quot;:&quot;30&quot;,&quot;fullcontent_in&quot;:&quot;&quot;,&quot;ids&quot;:&quot;&quot;,&quot;cat&quot;:&quot;&quot;,&quot;location&quot;:&quot;cyprus&quot;,&quot;order&quot;:&quot;ASC&quot;,&quot;orderby&quot;:&quot;date&quot;,&quot;meta_key&quot;:&quot;&quot;,&quot;meta_value&quot;:&quot;&quot;,&quot;number_excerpt&quot;:&quot;&quot;,&quot;alphab_filter&quot;:&quot;&quot;,&quot;search_box&quot;:&quot;hide&quot;,&quot;category_box&quot;:&quot;hide&quot;,&quot;category_style&quot;:&quot;&quot;,&quot;active_filter&quot;:&quot;&quot;,&quot;order_cat&quot;:&quot;&quot;,&quot;location_box&quot;:&quot;hide&quot;,&quot;location_style&quot;:&quot;&quot;,&quot;order_location&quot;:&quot;&quot;,&quot;masonry&quot;:&quot;&quot;,&quot;page_navi&quot;:&quot;loadmore&quot;,&quot;ID&quot;:&quot;extp-3935&quot;}\">\r\n\t\t<\/div>\t<\/div>\r\n\t\n<p>[\/et_pb_text][\/et_pb_column][\/et_pb_row][\/et_pb_section]<\/p>\n","protected":false},"excerpt":{"rendered":"<p>[et_pb_section bb_built=\u00a0\u00bb1&Prime; fullwidth=\u00a0\u00bbon\u00a0\u00bb specialty=\u00a0\u00bboff\u00a0\u00bb _builder_version=\u00a0\u00bb3.29.3&Prime; disabled_on=\u00a0\u00bboff|off|off\u00a0\u00bb disabled=\u00a0\u00bboff\u00a0\u00bb next_background_color=\u00a0\u00bb#000000&Prime; box_shadow_horizontal_tablet=\u00a0\u00bb0px\u00a0\u00bb box_shadow_vertical_tablet=\u00a0\u00bb0px\u00a0\u00bb box_shadow_blur_tablet=\u00a0\u00bb40px\u00a0\u00bb box_shadow_spread_tablet=\u00a0\u00bb0px\u00a0\u00bb z_index_tablet=\u00a0\u00bb500&Prime;][et_pb_fullwidth_post_slider _builder_version=\u00a0\u00bb3.29.3&Prime; include_categories=\u00a0\u00bb20&Prime; use_manual_excerpt=\u00a0\u00bboff\u00a0\u00bb show_inner_shadow=\u00a0\u00bbon\u00a0\u00bb use_text_overlay=\u00a0\u00bboff\u00a0\u00bb bg_overlay_color=\u00a0\u00bbrgba(0,88,165,0.81)\u00a0\u00bb excerpt_length=\u00a0\u00bb1&Prime; header_font_size=\u00a0\u00bb40px\u00a0\u00bb header_font_size_tablet=\u00a0\u00bb36&Prime; header_font_size_phone=\u00a0\u00bb26&Prime; header_font_size_last_edited=\u00a0\u00bbon|phone\u00a0\u00bb custom_padding=\u00a0\u00bb5%||5%|\u00a0\u00bb box_shadow_horizontal_image_tablet=\u00a0\u00bb0px\u00a0\u00bb box_shadow_vertical_image_tablet=\u00a0\u00bb0px\u00a0\u00bb box_shadow_blur_image_tablet=\u00a0\u00bb40px\u00a0\u00bb box_shadow_spread_image_tablet=\u00a0\u00bb0px\u00a0\u00bb text_shadow_horizontal_length=\u00a0\u00bbtext_shadow_style,%91object Object%93&Prime; text_shadow_horizontal_length_tablet=\u00a0\u00bb0px\u00a0\u00bb text_shadow_vertical_length=\u00a0\u00bbtext_shadow_style,%91object Object%93&Prime; text_shadow_vertical_length_tablet=\u00a0\u00bb0px\u00a0\u00bb text_shadow_blur_strength=\u00a0\u00bbtext_shadow_style,%91object Object%93&Prime; text_shadow_blur_strength_tablet=\u00a0\u00bb1px\u00a0\u00bb header_text_shadow_horizontal_length=\u00a0\u00bbheader_text_shadow_style,%91object Object%93&Prime; header_text_shadow_horizontal_length_tablet=\u00a0\u00bb0px\u00a0\u00bb header_text_shadow_vertical_length=\u00a0\u00bbheader_text_shadow_style,%91object Object%93&Prime; header_text_shadow_vertical_length_tablet=\u00a0\u00bb0px\u00a0\u00bb header_text_shadow_blur_strength=\u00a0\u00bbheader_text_shadow_style,%91object Object%93&Prime; header_text_shadow_blur_strength_tablet=\u00a0\u00bb1px\u00a0\u00bb body_text_shadow_horizontal_length=\u00a0\u00bbbody_text_shadow_style,%91object Object%93&Prime; body_text_shadow_horizontal_length_tablet=\u00a0\u00bb0px\u00a0\u00bb body_text_shadow_vertical_length=\u00a0\u00bbbody_text_shadow_style,%91object Object%93&Prime; body_text_shadow_vertical_length_tablet=\u00a0\u00bb0px\u00a0\u00bb body_text_shadow_blur_strength=\u00a0\u00bbbody_text_shadow_style,%91object Object%93&Prime; [&hellip;]<\/p>\n","protected":false},"author":1,"featured_media":0,"parent":29555,"menu_order":0,"comment_status":"closed","ping_status":"closed","template":"","meta":{"_acf_changed":false,"footnotes":""},"class_list":["post-29570","page","type-page","status-publish","hentry"],"acf":[],"_links":{"self":[{"href":"https:\/\/2025.womenmediators.net\/fr\/wp-json\/wp\/v2\/pages\/29570","targetHints":{"allow":["GET"]}}],"collection":[{"href":"https:\/\/2025.womenmediators.net\/fr\/wp-json\/wp\/v2\/pages"}],"about":[{"href":"https:\/\/2025.womenmediators.net\/fr\/wp-json\/wp\/v2\/types\/page"}],"author":[{"embeddable":true,"href":"https:\/\/2025.womenmediators.net\/fr\/wp-json\/wp\/v2\/users\/1"}],"replies":[{"embeddable":true,"href":"https:\/\/2025.womenmediators.net\/fr\/wp-json\/wp\/v2\/comments?post=29570"}],"version-history":[{"count":14,"href":"https:\/\/2025.womenmediators.net\/fr\/wp-json\/wp\/v2\/pages\/29570\/revisions"}],"predecessor-version":[{"id":31941,"href":"https:\/\/2025.womenmediators.net\/fr\/wp-json\/wp\/v2\/pages\/29570\/revisions\/31941"}],"up":[{"embeddable":true,"href":"https:\/\/2025.womenmediators.net\/fr\/wp-json\/wp\/v2\/pages\/29555"}],"wp:attachment":[{"href":"https:\/\/2025.womenmediators.net\/fr\/wp-json\/wp\/v2\/media?parent=29570"}],"curies":[{"name":"wp","href":"https:\/\/api.w.org\/{rel}","templated":true}]}}